{"id":393,"date":"2023-11-20T17:23:45","date_gmt":"2023-11-20T16:23:45","guid":{"rendered":"https:\/\/fundacjaendomedica.org\/?page_id=393"},"modified":"2025-12-01T11:38:19","modified_gmt":"2025-12-01T10:38:19","slug":"akcja-testosteron","status":"publish","type":"page","link":"https:\/\/fundacjaendomedica.org\/?page_id=393","title":{"rendered":"BEZP\u0141ATNE BADANIA"},"content":{"rendered":"\t\t<div data-elementor-type=\"wp-page\" data-elementor-id=\"393\" class=\"elementor elementor-393\">\n\t\t\t\t\t\t\t\t\t<section class=\"elementor-section elementor-top-section elementor-element elementor-element-200510d elementor-section-boxed elementor-section-height-default elementor-section-height-default\" data-id=\"200510d\" data-element_type=\"section\">\n\t\t\t\t\t\t<div class=\"elementor-container elementor-column-gap-default\">\n\t\t\t\t\t<div class=\"elementor-column elementor-col-50 elementor-top-column elementor-element elementor-element-c50b224\" data-id=\"c50b224\" data-element_type=\"column\">\n\t\t\t<div class=\"elementor-widget-wrap elementor-element-populated\">\n\t\t\t\t\t\t\t\t<div class=\"elementor-element elementor-element-1484302 elementor-widget__width-initial elementor-widget elementor-widget-text-editor\" data-id=\"1484302\" data-element_type=\"widget\" data-widget_type=\"text-editor.default\">\n\t\t\t\t<div class=\"elementor-widget-container\">\n\t\t\t<style>\/*! elementor - v3.14.0 - 26-06-2023 *\/\n.elementor-widget-text-editor.elementor-drop-cap-view-stacked .elementor-drop-cap{background-color:#69727d;color:#fff}.elementor-widget-text-editor.elementor-drop-cap-view-framed .elementor-drop-cap{color:#69727d;border:3px solid;background-color:transparent}.elementor-widget-text-editor:not(.elementor-drop-cap-view-default) .elementor-drop-cap{margin-top:8px}.elementor-widget-text-editor:not(.elementor-drop-cap-view-default) .elementor-drop-cap-letter{width:1em;height:1em}.elementor-widget-text-editor .elementor-drop-cap{float:left;text-align:center;line-height:1;font-size:50px}.elementor-widget-text-editor .elementor-drop-cap-letter{display:inline-block}<\/style>\t\t\t\t<div class=\"xdj266r x11i5rnm xat24cr x1mh8g0r x1vvkbs x126k92a\"><div dir=\"auto\"><p style=\"text-align: justify;\"><strong>FUNDACJA ENDO-MEDICA ZAPRASZA NA BEZP\u0141ATNE BADANIA<\/strong><\/p><p style=\"text-align: justify;\">Ka\u017cdy z nas my\u015bli o swoim zdrowiu. Niekt\u00f3rzy cz\u0119\u015bciej, niekt\u00f3rzy rzadziej a jeszcze inni prawie nigdy. W nat\u0142oku spraw zapominamy sprawdzi\u0107 jak funkcjonuje nasz organizm. Przychodzi jednak moment, gdy zaczyna nas co\u015b niepokoi\u0107. My\u015blimy wtedy, \u017ce musimy na pewno zapisa\u0107 si\u0119 do lekarza ale to wi\u0105\u017ce si\u0119 ze staniem w kolejce, czekaniem na skierowanie a potem na termin badania. Ot\u00f3\u017c nie ! Wraz z zaprzyja\u017anion\u0105 Przychodni\u0105 Podstawowej Opieki Zdrowotnej ENDO-MEDICA Sp. z o.o., ul. Ogrody 14, uruchomili\u015bmy darmowe badania:<\/p><p style=\"text-align: justify;\"><strong>EKG,<\/strong><br \/>czyli elektrokardiogramem, to badanie diagnostyczne, kt\u00f3re rejestruje elektryczn\u0105 aktywno\u015b\u0107 serca. Inaczej EKG mo\u017cna nazwa\u0107 elektrokardiografi\u0105, elektrokardiogramem lub zapi-sem pracy serca. Jest to nieinwazyjne badanie, kt\u00f3re pozwala na ocen\u0119 rytmu serca oraz wy-krycie ewentualnych zaburze\u0144, takich jak arytmia czy niedokrwienie.<\/p><p style=\"text-align: justify;\"><strong>BADANIE CI\u015aNIENIA KRWI,<\/strong> <br \/>to kluczowy element oceny zdrowia uk\u0142adu sercowonaczyniowego, a jego regularne pomiary s\u0105 istotne dla zapobiegania chorobom, takim jak nadci\u015bnienie t\u0119tnicze. Co to jest ci\u015bnienie krwi? Ci\u015bnienie krwi to si\u0142a, z jak\u0105 krew naciska na \u015bciany naczy\u0144 krwiono\u015bnych. Zwykle podaje si\u0119dwie warto\u015bci: ci\u015bnienie skurczowe (g\u00f3rna warto\u015b\u0107) i ci\u015bnienie rozkurczowe (dolna warto\u015b\u0107). Prawid\u0142owe ci\u015bnienie krwi u doros\u0142ych powinno wynosi\u0107 mniej ni\u017c 120\/80 mmHg. Warto\u015bci w zakresie 120-129 mmHg dla ci\u015bnienia skurczowego i 80-84 mmHg dla rozkurczowego s\u0105 uznawane za prawid\u0142owe, natomiast warto\u015bci powy\u017cej 140\/90 mmHg wskazuj\u0105 na nadci\u015bnienie t\u0119tnicze.<\/p><p style=\"text-align: justify;\"><strong>BADANIE POZIOMU CUKRU WE KRWI (glikemii),<\/strong><\/p><p style=\"text-align: justify;\">jest kluczowe w diagnostyce cukrzycy oraz monitorowaniu jej leczenia. Badanie st\u0119\u017cenia glukozy na czczo jest podstawowym badaniem diagnostycznym, kt\u00f3re pozwala wykry\u0107 cukrzyc\u0119 lub stan przedcukrzycowy. Normy: Prawid\u0142owy poziom cukru na czczo wynosi 70-99 mg\/dl, a po posi\u0142ku poni\u017cej 140 mg\/dl. Kiedy bada\u0107: Badanie poziomu cukru powinny wykonywa\u0107 zar\u00f3wno osoby z cukrzyc\u0105, jak i zdrowe, w celach profilaktycznych. Interpretacja wynik\u00f3w: Podwy\u017cszony poziom cukru mo\u017ce wskazywa\u0107 na cukrzyc\u0119, dlatego wa\u017cna jest konsultacja z lekarzem w celu dalszej diagnostyki.<\/p><p style=\"text-align: justify;\">Dzi\u0119ki tym wszystkim badaniom mo\u017cesz skutecznie monitorowa\u0107 stan zdrowia i zapobiega\u0107 powa\u017cnym chorobom.<\/p><p style=\"text-align: justify;\"><strong>Fundacja ENDO-MEDICA z ch\u0119ci\u0105 Ci w tym pomo\u017ce!!!<\/strong><br \/><strong>Po prostu zadzwo\u0144 pod nr telefonu 791 370 300 i um\u00f3w si\u0119 z piel\u0119gniark\u0105 Ilon\u0105 Schmidt \u2013 Zarycht\u0105 na przeprowadzenie darmowych bada\u0144, we wsp\u00f3\u0142pracuj\u0105cej z nami Przychodni Podstawowej Opieki Zdrowotnej ENDO-MEDICA Sp. z o.o., na ul. Ogrody 14 w Bydgoszczy.<\/strong><\/p><p style=\"text-align: justify;\">\u00a0<\/p><\/div><\/div>\t\t\t\t\t\t<\/div>\n\t\t\t\t<\/div>\n\t\t\t\t\t<\/div>\n\t\t<\/div>\n\t\t\t\t<div class=\"elementor-column elementor-col-50 elementor-top-column elementor-element elementor-element-d7c9cbf\" data-id=\"d7c9cbf\" data-element_type=\"column\">\n\t\t\t<div class=\"elementor-widget-wrap elementor-element-populated\">\n\t\t\t\t\t\t\t\t<div class=\"elementor-element elementor-element-35840a1 elementor-widget__width-initial elementor-widget elementor-widget-image\" data-id=\"35840a1\" data-element_type=\"widget\" data-widget_type=\"image.default\">\n\t\t\t\t<div class=\"elementor-widget-container\">\n\t\t\t<style>\/*! elementor - v3.14.0 - 26-06-2023 *\/\n.elementor-widget-image{text-align:center}.elementor-widget-image a{display:inline-block}.elementor-widget-image a img[src$=\".svg\"]{width:48px}.elementor-widget-image img{vertical-align:middle;display:inline-block}<\/style>\t\t\t\t\t\t\t\t\t\t\t\t<img loading=\"lazy\" decoding=\"async\" width=\"580\" height=\"870\" src=\"https:\/\/fundacjaendomedica.org\/wp-content\/uploads\/2025\/11\/1aa1ea44-92ac-4895-8d55-f968a55131e5.png\" class=\"attachment-large size-large wp-image-601\" alt=\"\" srcset=\"https:\/\/fundacjaendomedica.org\/wp-content\/uploads\/2025\/11\/1aa1ea44-92ac-4895-8d55-f968a55131e5.png 1024w, https:\/\/fundacjaendomedica.org\/wp-content\/uploads\/2025\/11\/1aa1ea44-92ac-4895-8d55-f968a55131e5-200x300.png 200w\" sizes=\"auto, (max-width: 580px) 100vw, 580px\" \/>\t\t\t\t\t\t\t\t\t\t\t\t\t\t\t<\/div>\n\t\t\t\t<\/div>\n\t\t\t\t\t<\/div>\n\t\t<\/div>\n\t\t\t\t\t\t\t<\/div>\n\t\t<\/section>\n\t\t\t\t\t\t\t<\/div>\n\t\t","protected":false},"excerpt":{"rendered":"<p>FUNDACJA ENDO-MEDICA ZAPRASZA NA BEZP\u0141ATNE BADANIA Ka\u017cdy z nas my\u015bli o swoim zdrowiu. Niekt\u00f3rzy cz\u0119\u015bciej, niekt\u00f3rzy rzadziej a jeszcze inni prawie nigdy. W nat\u0142oku spraw zapominamy sprawdzi\u0107 jak funkcjonuje nasz organizm. Przychodzi jednak moment, gdy zaczyna nas co\u015b niepokoi\u0107. My\u015blimy wtedy, \u017ce musimy na pewno zapisa\u0107 si\u0119 do lekarza ale to wi\u0105\u017ce si\u0119 ze staniem [&hellip;]<\/p>\n","protected":false},"author":1,"featured_media":0,"parent":22,"menu_order":0,"comment_status":"closed","ping_status":"closed","template":"elementor_header_footer","meta":{"footnotes":""},"class_list":["post-393","page","type-page","status-publish","hentry"],"_links":{"self":[{"href":"https:\/\/fundacjaendomedica.org\/index.php?rest_route=\/wp\/v2\/pages\/393","targetHints":{"allow":["GET"]}}],"collection":[{"href":"https:\/\/fundacjaendomedica.org\/index.php?rest_route=\/wp\/v2\/pages"}],"about":[{"href":"https:\/\/fundacjaendomedica.org\/index.php?rest_route=\/wp\/v2\/types\/page"}],"author":[{"embeddable":true,"href":"https:\/\/fundacjaendomedica.org\/index.php?rest_route=\/wp\/v2\/users\/1"}],"replies":[{"embeddable":true,"href":"https:\/\/fundacjaendomedica.org\/index.php?rest_route=%2Fwp%2Fv2%2Fcomments&post=393"}],"version-history":[{"count":43,"href":"https:\/\/fundacjaendomedica.org\/index.php?rest_route=\/wp\/v2\/pages\/393\/revisions"}],"predecessor-version":[{"id":636,"href":"https:\/\/fundacjaendomedica.org\/index.php?rest_route=\/wp\/v2\/pages\/393\/revisions\/636"}],"up":[{"embeddable":true,"href":"https:\/\/fundacjaendomedica.org\/index.php?rest_route=\/wp\/v2\/pages\/22"}],"wp:attachment":[{"href":"https:\/\/fundacjaendomedica.org\/index.php?rest_route=%2Fwp%2Fv2%2Fmedia&parent=393"}],"curies":[{"name":"wp","href":"https:\/\/api.w.org\/{rel}","templated":true}]}}