{"id":31,"date":"2023-06-27T21:00:46","date_gmt":"2023-06-27T19:00:46","guid":{"rendered":"https:\/\/fundacjaendomedica.org\/?page_id=31"},"modified":"2024-07-12T15:49:58","modified_gmt":"2024-07-12T13:49:58","slug":"nasza-dzialalnosc","status":"publish","type":"page","link":"https:\/\/fundacjaendomedica.org\/?page_id=31","title":{"rendered":"Nasza dzia\u0142alno\u015b\u0107"},"content":{"rendered":"\t\t<div data-elementor-type=\"wp-page\" data-elementor-id=\"31\" class=\"elementor elementor-31\">\n\t\t\t\t\t\t\t\t\t<section class=\"elementor-section elementor-top-section elementor-element elementor-element-33ca13f4 elementor-section-content-middle elementor-section-stretched elementor-section-boxed elementor-section-height-default elementor-section-height-default\" data-id=\"33ca13f4\" data-element_type=\"section\" data-settings=\"{&quot;stretch_section&quot;:&quot;section-stretched&quot;}\">\n\t\t\t\t\t\t<div class=\"elementor-container elementor-column-gap-no\">\n\t\t\t\t\t<div class=\"elementor-column elementor-col-100 elementor-top-column elementor-element elementor-element-7c57cc5c\" data-id=\"7c57cc5c\" data-element_type=\"column\">\n\t\t\t<div class=\"elementor-widget-wrap elementor-element-populated\">\n\t\t\t\t\t\t\t\t<section class=\"elementor-section elementor-inner-section elementor-element elementor-element-24f8a3a4 elementor-section-boxed elementor-section-height-default elementor-section-height-default\" data-id=\"24f8a3a4\" data-element_type=\"section\">\n\t\t\t\t\t\t<div class=\"elementor-container elementor-column-gap-default\">\n\t\t\t\t\t<div class=\"elementor-column elementor-col-50 elementor-inner-column elementor-element elementor-element-2a67ef18\" data-id=\"2a67ef18\" data-element_type=\"column\">\n\t\t\t<div class=\"elementor-widget-wrap elementor-element-populated\">\n\t\t\t\t\t\t\t\t<div class=\"elementor-element elementor-element-15743f6a elementor-position-left elementor-vertical-align-middle elementor-widget elementor-widget-image-box\" data-id=\"15743f6a\" data-element_type=\"widget\" data-widget_type=\"image-box.default\">\n\t\t\t\t<div class=\"elementor-widget-container\">\n\t\t\t<style>\/*! elementor - v3.14.0 - 26-06-2023 *\/\n.elementor-widget-image-box .elementor-image-box-content{width:100%}@media (min-width:768px){.elementor-widget-image-box.elementor-position-left .elementor-image-box-wrapper,.elementor-widget-image-box.elementor-position-right .elementor-image-box-wrapper{display:flex}.elementor-widget-image-box.elementor-position-right .elementor-image-box-wrapper{text-align:right;flex-direction:row-reverse}.elementor-widget-image-box.elementor-position-left .elementor-image-box-wrapper{text-align:left;flex-direction:row}.elementor-widget-image-box.elementor-position-top .elementor-image-box-img{margin:auto}.elementor-widget-image-box.elementor-vertical-align-top .elementor-image-box-wrapper{align-items:flex-start}.elementor-widget-image-box.elementor-vertical-align-middle .elementor-image-box-wrapper{align-items:center}.elementor-widget-image-box.elementor-vertical-align-bottom .elementor-image-box-wrapper{align-items:flex-end}}@media (max-width:767px){.elementor-widget-image-box .elementor-image-box-img{margin-left:auto!important;margin-right:auto!important;margin-bottom:15px}}.elementor-widget-image-box .elementor-image-box-img{display:inline-block}.elementor-widget-image-box .elementor-image-box-title a{color:inherit}.elementor-widget-image-box .elementor-image-box-wrapper{text-align:center}.elementor-widget-image-box .elementor-image-box-description{margin:0}<\/style><div class=\"elementor-image-box-wrapper\"><figure class=\"elementor-image-box-img\"><img loading=\"lazy\" decoding=\"async\" width=\"1280\" height=\"853\" src=\"https:\/\/fundacjaendomedica.org\/wp-content\/uploads\/2023\/06\/young-people-3575167_1280.jpg\" class=\"attachment-full size-full wp-image-125\" alt=\"\" srcset=\"https:\/\/fundacjaendomedica.org\/wp-content\/uploads\/2023\/06\/young-people-3575167_1280.jpg 1280w, https:\/\/fundacjaendomedica.org\/wp-content\/uploads\/2023\/06\/young-people-3575167_1280-300x200.jpg 300w, https:\/\/fundacjaendomedica.org\/wp-content\/uploads\/2023\/06\/young-people-3575167_1280-1024x682.jpg 1024w, https:\/\/fundacjaendomedica.org\/wp-content\/uploads\/2023\/06\/young-people-3575167_1280-768x512.jpg 768w, https:\/\/fundacjaendomedica.org\/wp-content\/uploads\/2023\/06\/young-people-3575167_1280-1200x800.jpg 1200w\" sizes=\"auto, (max-width: 1280px) 100vw, 1280px\" \/><\/figure><div class=\"elementor-image-box-content\"><h3 class=\"elementor-image-box-title\">Zaj\u0119cia dla dzieci i m\u0142odzie\u017cy<\/h3><p class=\"elementor-image-box-description\">edukacja<\/p><\/div><\/div>\t\t<\/div>\n\t\t\t\t<\/div>\n\t\t\t\t<div class=\"elementor-element elementor-element-1db7a486 elementor-widget elementor-widget-text-editor\" data-id=\"1db7a486\" data-element_type=\"widget\" data-widget_type=\"text-editor.default\">\n\t\t\t\t<div class=\"elementor-widget-container\">\n\t\t\t<style>\/*! elementor - v3.14.0 - 26-06-2023 *\/\n.elementor-widget-text-editor.elementor-drop-cap-view-stacked .elementor-drop-cap{background-color:#69727d;color:#fff}.elementor-widget-text-editor.elementor-drop-cap-view-framed .elementor-drop-cap{color:#69727d;border:3px solid;background-color:transparent}.elementor-widget-text-editor:not(.elementor-drop-cap-view-default) .elementor-drop-cap{margin-top:8px}.elementor-widget-text-editor:not(.elementor-drop-cap-view-default) .elementor-drop-cap-letter{width:1em;height:1em}.elementor-widget-text-editor .elementor-drop-cap{float:left;text-align:center;line-height:1;font-size:50px}.elementor-widget-text-editor .elementor-drop-cap-letter{display:inline-block}<\/style>\t\t\t\t<p>Razem z lekarzami i specjalistami z r\u00f3\u017cnych dziedzin prowadzimy cykle zaj\u0119\u0107, kt\u00f3re maj\u0105 na celu zach\u0119cenia dzieci oraz m\u0142odzie\u017c do zdrowego trybu \u017cycia.<\/p>\t\t\t\t\t\t<\/div>\n\t\t\t\t<\/div>\n\t\t\t\t\t<\/div>\n\t\t<\/div>\n\t\t\t\t<div class=\"elementor-column elementor-col-50 elementor-inner-column elementor-element elementor-element-16e27bb9\" data-id=\"16e27bb9\" data-element_type=\"column\">\n\t\t\t<div class=\"elementor-widget-wrap elementor-element-populated\">\n\t\t\t\t\t\t\t\t<div class=\"elementor-element elementor-element-52917f3f elementor-position-left elementor-vertical-align-middle elementor-widget elementor-widget-image-box\" data-id=\"52917f3f\" data-element_type=\"widget\" data-widget_type=\"image-box.default\">\n\t\t\t\t<div class=\"elementor-widget-container\">\n\t\t\t<div class=\"elementor-image-box-wrapper\"><figure class=\"elementor-image-box-img\"><img loading=\"lazy\" decoding=\"async\" width=\"2560\" height=\"1707\" src=\"https:\/\/fundacjaendomedica.org\/wp-content\/uploads\/2023\/08\/pexels-thirdman-5327584-scaled.jpg\" class=\"attachment-full size-full wp-image-177\" alt=\"\" srcset=\"https:\/\/fundacjaendomedica.org\/wp-content\/uploads\/2023\/08\/pexels-thirdman-5327584-scaled.jpg 2560w, https:\/\/fundacjaendomedica.org\/wp-content\/uploads\/2023\/08\/pexels-thirdman-5327584-300x200.jpg 300w, https:\/\/fundacjaendomedica.org\/wp-content\/uploads\/2023\/08\/pexels-thirdman-5327584-1024x683.jpg 1024w, https:\/\/fundacjaendomedica.org\/wp-content\/uploads\/2023\/08\/pexels-thirdman-5327584-768x512.jpg 768w, https:\/\/fundacjaendomedica.org\/wp-content\/uploads\/2023\/08\/pexels-thirdman-5327584-1536x1024.jpg 1536w, https:\/\/fundacjaendomedica.org\/wp-content\/uploads\/2023\/08\/pexels-thirdman-5327584-2048x1365.jpg 2048w, https:\/\/fundacjaendomedica.org\/wp-content\/uploads\/2023\/08\/pexels-thirdman-5327584-1200x800.jpg 1200w, https:\/\/fundacjaendomedica.org\/wp-content\/uploads\/2023\/08\/pexels-thirdman-5327584-1980x1320.jpg 1980w\" sizes=\"auto, (max-width: 2560px) 100vw, 2560px\" \/><\/figure><div class=\"elementor-image-box-content\"><h3 class=\"elementor-image-box-title\">Przychodnia Endo-Medica<\/h3><p class=\"elementor-image-box-description\">opieka medyczna<\/p><\/div><\/div>\t\t<\/div>\n\t\t\t\t<\/div>\n\t\t\t\t<div class=\"elementor-element elementor-element-6fd99c84 elementor-widget elementor-widget-text-editor\" data-id=\"6fd99c84\" data-element_type=\"widget\" data-widget_type=\"text-editor.default\">\n\t\t\t\t<div class=\"elementor-widget-container\">\n\t\t\t\t\t\t\t<p>W ramach dzia\u0142alno\u015bci naszej Fundacji wsp\u00f3\u0142pracujemy z NZOZ Endo-Medica, kt\u00f3ra oferuj\u0119 pomoc ze strony wielu specjalist\u00f3w.<\/p>\t\t\t\t\t\t<\/div>\n\t\t\t\t<\/div>\n\t\t\t\t\t<\/div>\n\t\t<\/div>\n\t\t\t\t\t\t\t<\/div>\n\t\t<\/section>\n\t\t\t\t<section class=\"elementor-section elementor-inner-section elementor-element elementor-element-73d11e59 elementor-section-boxed elementor-section-height-default elementor-section-height-default\" data-id=\"73d11e59\" data-element_type=\"section\">\n\t\t\t\t\t\t<div class=\"elementor-container elementor-column-gap-default\">\n\t\t\t\t\t<div class=\"elementor-column elementor-col-50 elementor-inner-column elementor-element elementor-element-7c15125e\" data-id=\"7c15125e\" data-element_type=\"column\">\n\t\t\t<div class=\"elementor-widget-wrap elementor-element-populated\">\n\t\t\t\t\t\t\t\t<div class=\"elementor-element elementor-element-76074e7d elementor-position-left elementor-vertical-align-middle elementor-widget elementor-widget-image-box\" data-id=\"76074e7d\" data-element_type=\"widget\" data-widget_type=\"image-box.default\">\n\t\t\t\t<div class=\"elementor-widget-container\">\n\t\t\t<div class=\"elementor-image-box-wrapper\"><figure class=\"elementor-image-box-img\"><img loading=\"lazy\" decoding=\"async\" width=\"2560\" height=\"1440\" src=\"https:\/\/fundacjaendomedica.org\/wp-content\/uploads\/2023\/08\/pexels-matthias-zomer-339620-e1690962889563.jpg\" class=\"attachment-full size-full wp-image-163\" alt=\"\" srcset=\"https:\/\/fundacjaendomedica.org\/wp-content\/uploads\/2023\/08\/pexels-matthias-zomer-339620-e1690962889563.jpg 2560w, https:\/\/fundacjaendomedica.org\/wp-content\/uploads\/2023\/08\/pexels-matthias-zomer-339620-e1690962889563-300x169.jpg 300w, https:\/\/fundacjaendomedica.org\/wp-content\/uploads\/2023\/08\/pexels-matthias-zomer-339620-e1690962889563-1024x576.jpg 1024w, https:\/\/fundacjaendomedica.org\/wp-content\/uploads\/2023\/08\/pexels-matthias-zomer-339620-e1690962889563-768x432.jpg 768w, https:\/\/fundacjaendomedica.org\/wp-content\/uploads\/2023\/08\/pexels-matthias-zomer-339620-e1690962889563-1536x864.jpg 1536w, https:\/\/fundacjaendomedica.org\/wp-content\/uploads\/2023\/08\/pexels-matthias-zomer-339620-e1690962889563-2048x1152.jpg 2048w, https:\/\/fundacjaendomedica.org\/wp-content\/uploads\/2023\/08\/pexels-matthias-zomer-339620-e1690962889563-1200x675.jpg 1200w, https:\/\/fundacjaendomedica.org\/wp-content\/uploads\/2023\/08\/pexels-matthias-zomer-339620-e1690962889563-1980x1114.jpg 1980w\" sizes=\"auto, (max-width: 2560px) 100vw, 2560px\" \/><\/figure><div class=\"elementor-image-box-content\"><h3 class=\"elementor-image-box-title\">Profilaktyka<\/h3><p class=\"elementor-image-box-description\">pomoc dla sernior\u00f3w<\/p><\/div><\/div>\t\t<\/div>\n\t\t\t\t<\/div>\n\t\t\t\t<div class=\"elementor-element elementor-element-425992e8 elementor-widget elementor-widget-text-editor\" data-id=\"425992e8\" data-element_type=\"widget\" data-widget_type=\"text-editor.default\">\n\t\t\t\t<div class=\"elementor-widget-container\">\n\t\t\t\t\t\t\t<p>Razem z nasz\u0105 Przychodni\u0105 cyklicznie oferujemy darmowe badania dla senior\u00f3w, kt\u00f3re maj\u0105 na celu pom\u00f3c seniorom w utrzymaniu dobrego zdrowia.<\/p>\t\t\t\t\t\t<\/div>\n\t\t\t\t<\/div>\n\t\t\t\t\t<\/div>\n\t\t<\/div>\n\t\t\t\t<div class=\"elementor-column elementor-col-50 elementor-inner-column elementor-element elementor-element-2ff2c82d\" data-id=\"2ff2c82d\" data-element_type=\"column\">\n\t\t\t<div class=\"elementor-widget-wrap elementor-element-populated\">\n\t\t\t\t\t\t\t\t<div class=\"elementor-element elementor-element-26fa4a86 elementor-position-left elementor-vertical-align-middle elementor-widget elementor-widget-image-box\" data-id=\"26fa4a86\" data-element_type=\"widget\" data-widget_type=\"image-box.default\">\n\t\t\t\t<div class=\"elementor-widget-container\">\n\t\t\t<div class=\"elementor-image-box-wrapper\"><figure class=\"elementor-image-box-img\"><img loading=\"lazy\" decoding=\"async\" width=\"2560\" height=\"1707\" src=\"https:\/\/fundacjaendomedica.org\/wp-content\/uploads\/2023\/08\/pexels-andrea-piacquadio-3768131-scaled.jpg\" class=\"attachment-full size-full wp-image-169\" alt=\"\" srcset=\"https:\/\/fundacjaendomedica.org\/wp-content\/uploads\/2023\/08\/pexels-andrea-piacquadio-3768131-scaled.jpg 2560w, https:\/\/fundacjaendomedica.org\/wp-content\/uploads\/2023\/08\/pexels-andrea-piacquadio-3768131-300x200.jpg 300w, https:\/\/fundacjaendomedica.org\/wp-content\/uploads\/2023\/08\/pexels-andrea-piacquadio-3768131-1024x683.jpg 1024w, https:\/\/fundacjaendomedica.org\/wp-content\/uploads\/2023\/08\/pexels-andrea-piacquadio-3768131-768x512.jpg 768w, https:\/\/fundacjaendomedica.org\/wp-content\/uploads\/2023\/08\/pexels-andrea-piacquadio-3768131-1536x1024.jpg 1536w, https:\/\/fundacjaendomedica.org\/wp-content\/uploads\/2023\/08\/pexels-andrea-piacquadio-3768131-2048x1365.jpg 2048w, https:\/\/fundacjaendomedica.org\/wp-content\/uploads\/2023\/08\/pexels-andrea-piacquadio-3768131-1200x800.jpg 1200w, https:\/\/fundacjaendomedica.org\/wp-content\/uploads\/2023\/08\/pexels-andrea-piacquadio-3768131-1980x1320.jpg 1980w\" sizes=\"auto, (max-width: 2560px) 100vw, 2560px\" \/><\/figure><div class=\"elementor-image-box-content\"><h3 class=\"elementor-image-box-title\">Opieka dla Seniora<\/h3><p class=\"elementor-image-box-description\">dom opieki<\/p><\/div><\/div>\t\t<\/div>\n\t\t\t\t<\/div>\n\t\t\t\t<div class=\"elementor-element elementor-element-12bcf6ce elementor-widget elementor-widget-text-editor\" data-id=\"12bcf6ce\" data-element_type=\"widget\" data-widget_type=\"text-editor.default\">\n\t\t\t\t<div class=\"elementor-widget-container\">\n\t\t\t\t\t\t\t<p>Planujemy otworzy\u0107 Dom Opieki, kt\u00f3ry b\u0119dzie \u015bwiadczy\u0142 najwy\u017cszej jako\u015bci us\u0142ugi oraz oferowa\u0142 szeroki zakres zaj\u0119\u0107 dla os\u00f3b w podesz\u0142ym wieku.<\/p>\t\t\t\t\t\t<\/div>\n\t\t\t\t<\/div>\n\t\t\t\t\t<\/div>\n\t\t<\/div>\n\t\t\t\t\t\t\t<\/div>\n\t\t<\/section>\n\t\t\t\t\t<\/div>\n\t\t<\/div>\n\t\t\t\t\t\t\t<\/div>\n\t\t<\/section>\n\t\t\t\t\t\t\t<\/div>\n\t\t","protected":false},"excerpt":{"rendered":"<p>Zaj\u0119cia dla dzieci i m\u0142odzie\u017cy edukacja Razem z lekarzami i specjalistami z r\u00f3\u017cnych dziedzin prowadzimy cykle zaj\u0119\u0107, kt\u00f3re maj\u0105 na celu zach\u0119cenia dzieci oraz m\u0142odzie\u017c do zdrowego trybu \u017cycia. Przychodnia Endo-Medica opieka medyczna W ramach dzia\u0142alno\u015bci naszej Fundacji wsp\u00f3\u0142pracujemy z NZOZ Endo-Medica, kt\u00f3ra oferuj\u0119 pomoc ze strony wielu specjalist\u00f3w. Profilaktyka pomoc dla sernior\u00f3w Razem z [&hellip;]<\/p>\n","protected":false},"author":1,"featured_media":0,"parent":22,"menu_order":0,"comment_status":"closed","ping_status":"closed","template":"","meta":{"footnotes":""},"class_list":["post-31","page","type-page","status-publish","hentry"],"_links":{"self":[{"href":"https:\/\/fundacjaendomedica.org\/index.php?rest_route=\/wp\/v2\/pages\/31","targetHints":{"allow":["GET"]}}],"collection":[{"href":"https:\/\/fundacjaendomedica.org\/index.php?rest_route=\/wp\/v2\/pages"}],"about":[{"href":"https:\/\/fundacjaendomedica.org\/index.php?rest_route=\/wp\/v2\/types\/page"}],"author":[{"embeddable":true,"href":"https:\/\/fundacjaendomedica.org\/index.php?rest_route=\/wp\/v2\/users\/1"}],"replies":[{"embeddable":true,"href":"https:\/\/fundacjaendomedica.org\/index.php?rest_route=%2Fwp%2Fv2%2Fcomments&post=31"}],"version-history":[{"count":16,"href":"https:\/\/fundacjaendomedica.org\/index.php?rest_route=\/wp\/v2\/pages\/31\/revisions"}],"predecessor-version":[{"id":245,"href":"https:\/\/fundacjaendomedica.org\/index.php?rest_route=\/wp\/v2\/pages\/31\/revisions\/245"}],"up":[{"embeddable":true,"href":"https:\/\/fundacjaendomedica.org\/index.php?rest_route=\/wp\/v2\/pages\/22"}],"wp:attachment":[{"href":"https:\/\/fundacjaendomedica.org\/index.php?rest_route=%2Fwp%2Fv2%2Fmedia&parent=31"}],"curies":[{"name":"wp","href":"https:\/\/api.w.org\/{rel}","templated":true}]}}